{"id":67,"date":"2020-02-20T23:50:25","date_gmt":"2020-02-20T23:50:25","guid":{"rendered":"https:\/\/supermaquineros.com.co\/?page_id=67"},"modified":"2020-04-28T18:27:07","modified_gmt":"2020-04-28T18:27:07","slug":"fabricamos-su-maquinita","status":"publish","type":"page","link":"https:\/\/supermaquineros.com.co\/sm_o\/fabricamos-su-maquinita\/","title":{"rendered":"Fabricamos su M\u00e1quinita"},"content":{"rendered":"\n<h2 class=\"wp-block-heading\">Tenemos 3 opciones:<\/h2>\n\n\n\n<h2 class=\"wp-block-heading\">M\u00e1quinita Grande<\/h2>\n\n\n\n<p>Esta maquina esta dise\u00f1ada con unas medidas para lugares con espacio, estas nos permiten jugar c\u00f3modamente 2 players  con esta m\u00e1quinita podremos decorar cualquier lugar de nuestra vivienda con unos vinilos totalmente personalizados y darle un toque de lo m\u00e1s retro. Tiene mas de 6000 juegos cl\u00e1sicos.Se puede personalizar gr\u00e1ficamente, con diferentes tama\u00f1os de pantalla, cenefa iluminada, dise\u00f1o de vidrio, divisiones de madera, vidrio, iluminaci\u00f3n o hasta minibar.<\/p>\n\n\n\n<figure class=\"wp-block-image size-large\"><img loading=\"lazy\" decoding=\"async\" width=\"1024\" height=\"688\" src=\"https:\/\/supermaquineros.com.co\/sm_o\/wp-content\/uploads\/2020\/02\/MG-T-2-1024x688.png\" alt=\"\" class=\"wp-image-178\" srcset=\"https:\/\/supermaquineros.com.co\/sm_o\/wp-content\/uploads\/2020\/02\/MG-T-2-1024x688.png 1024w, https:\/\/supermaquineros.com.co\/sm_o\/wp-content\/uploads\/2020\/02\/MG-T-2-600x403.png 600w, https:\/\/supermaquineros.com.co\/sm_o\/wp-content\/uploads\/2020\/02\/MG-T-2-300x202.png 300w, https:\/\/supermaquineros.com.co\/sm_o\/wp-content\/uploads\/2020\/02\/MG-T-2-768x516.png 768w, https:\/\/supermaquineros.com.co\/sm_o\/wp-content\/uploads\/2020\/02\/MG-T-2.png 1387w\" sizes=\"auto, (max-width: 1024px) 100vw, 1024px\" \/><\/figure>\n\n\n\n<h2 class=\"wp-block-heading\">M\u00e1quinita Mediana<\/h2>\n\n\n\n<p>Esta m\u00e1quinina mediana esta dise\u00f1ada para lugares con un espacio limitado y al alcance de todos para 2 players, tiene mas de 600 juegos cl\u00e1sicos. Puede ser ajustada a la altura de chicos y grandes. Este modelo Bartop est\u00e1 dise\u00f1ado con unas medidas que nos permiten jugar c\u00f3modamente gracias a su dise\u00f1o compacto, la cual podremos colocar en cualquier lugar e incluso transportarla con facilidad debido a su poco peso. Esta no tiene incluida la base, por ello deberas colocar una mesa o base para poder jugar. Tambi\u00e9n puede personalizar gr\u00e1ficamente, cenefa iluminada y con diferentes tama\u00f1os de pantalla.<\/p>\n\n\n\n<figure class=\"wp-block-image size-large\"><img loading=\"lazy\" decoding=\"async\" width=\"1024\" height=\"407\" src=\"https:\/\/supermaquineros.com.co\/sm_o\/wp-content\/uploads\/2020\/02\/MMR2-T-1024x407.png\" alt=\"\" class=\"wp-image-176\" srcset=\"https:\/\/supermaquineros.com.co\/sm_o\/wp-content\/uploads\/2020\/02\/MMR2-T-1024x407.png 1024w, https:\/\/supermaquineros.com.co\/sm_o\/wp-content\/uploads\/2020\/02\/MMR2-T-600x239.png 600w, https:\/\/supermaquineros.com.co\/sm_o\/wp-content\/uploads\/2020\/02\/MMR2-T-300x119.png 300w, https:\/\/supermaquineros.com.co\/sm_o\/wp-content\/uploads\/2020\/02\/MMR2-T-768x305.png 768w, https:\/\/supermaquineros.com.co\/sm_o\/wp-content\/uploads\/2020\/02\/MMR2-T-1536x611.png 1536w, https:\/\/supermaquineros.com.co\/sm_o\/wp-content\/uploads\/2020\/02\/MMR2-T.png 2019w\" sizes=\"auto, (max-width: 1024px) 100vw, 1024px\" \/><\/figure>\n\n\n\n<h2 class=\"wp-block-heading\">M\u00e1quinita Peque\u00f1a<\/h2>\n\n\n\n<p>Con la m\u00e1quinita peque\u00f1a, tenemos la soluci\u00f3n para cumplir tu sue\u00f1o de tener una M\u00e1quinita en tu casa. Esta dise\u00f1ada con dos juegos de palancas y botones para jugar 2 players, se conecta a tu televisor por HDMI y tendr\u00e1s 1299 juegos de Arcade para disfrutar Esta maquina es la mas peque\u00f1a de nuestro cat\u00e1logo. No es posible personalizarla.<\/p>\n\n\n\n<figure class=\"wp-block-image size-large\"><img loading=\"lazy\" decoding=\"async\" width=\"1024\" height=\"320\" src=\"https:\/\/supermaquineros.com.co\/sm_o\/wp-content\/uploads\/2020\/02\/MP-1024x320.png\" alt=\"\" class=\"wp-image-182\" srcset=\"https:\/\/supermaquineros.com.co\/sm_o\/wp-content\/uploads\/2020\/02\/MP-1024x320.png 1024w, https:\/\/supermaquineros.com.co\/sm_o\/wp-content\/uploads\/2020\/02\/MP-600x187.png 600w, https:\/\/supermaquineros.com.co\/sm_o\/wp-content\/uploads\/2020\/02\/MP-300x94.png 300w, https:\/\/supermaquineros.com.co\/sm_o\/wp-content\/uploads\/2020\/02\/MP-768x240.png 768w, https:\/\/supermaquineros.com.co\/sm_o\/wp-content\/uploads\/2020\/02\/MP.png 1387w\" sizes=\"auto, (max-width: 1024px) 100vw, 1024px\" \/><\/figure>\n","protected":false},"excerpt":{"rendered":"<p>Tenemos 3 opciones: M\u00e1quinita Grande Esta maquina esta dise\u00f1ada con unas medidas para lugares con espacio, estas nos permiten jugar c\u00f3modamente 2 players con esta m\u00e1quinita podremos decorar cualquier lugar de nuestra vivienda con unos vinilos totalmente personalizados y darle un toque de lo m\u00e1s retro. Tiene mas de 6000 juegos cl\u00e1sicos.Se puede personalizar gr\u00e1ficamente,&hellip;<\/p>\n","protected":false},"author":1,"featured_media":0,"parent":0,"menu_order":0,"comment_status":"closed","ping_status":"closed","template":"","meta":{"footnotes":""},"class_list":["post-67","page","type-page","status-publish","hentry","texture-woo-product-list","opn-qv-enable","bizz-ecommerce-woo-hover-","open-single-product-tab-horizontal","open-shadow-","open-shadow-hover-"],"jetpack_sharing_enabled":true,"_links":{"self":[{"href":"https:\/\/supermaquineros.com.co\/sm_o\/wp-json\/wp\/v2\/pages\/67","targetHints":{"allow":["GET"]}}],"collection":[{"href":"https:\/\/supermaquineros.com.co\/sm_o\/wp-json\/wp\/v2\/pages"}],"about":[{"href":"https:\/\/supermaquineros.com.co\/sm_o\/wp-json\/wp\/v2\/types\/page"}],"author":[{"embeddable":true,"href":"https:\/\/supermaquineros.com.co\/sm_o\/wp-json\/wp\/v2\/users\/1"}],"replies":[{"embeddable":true,"href":"https:\/\/supermaquineros.com.co\/sm_o\/wp-json\/wp\/v2\/comments?post=67"}],"version-history":[{"count":10,"href":"https:\/\/supermaquineros.com.co\/sm_o\/wp-json\/wp\/v2\/pages\/67\/revisions"}],"predecessor-version":[{"id":480,"href":"https:\/\/supermaquineros.com.co\/sm_o\/wp-json\/wp\/v2\/pages\/67\/revisions\/480"}],"wp:attachment":[{"href":"https:\/\/supermaquineros.com.co\/sm_o\/wp-json\/wp\/v2\/media?parent=67"}],"curies":[{"name":"wp","href":"https:\/\/api.w.org\/{rel}","templated":true}]}}