{"id":1028,"date":"2025-08-22T16:52:21","date_gmt":"2025-08-22T21:52:21","guid":{"rendered":"https:\/\/supermaquineros.com.co\/sm_o\/?post_type=product&#038;p=1028"},"modified":"2025-08-22T16:52:21","modified_gmt":"2025-08-22T21:52:21","slug":"cojines-back-to-the-future","status":"publish","type":"product","link":"https:\/\/supermaquineros.com.co\/sm_o\/producto\/cojines-back-to-the-future\/","title":{"rendered":"COJINES BACK TO THE FUTURE"},"content":{"rendered":"<p>Coj\u00edn en tela poli\u00e9ster con protector textil anti-fluidos y pet friendly; con cremallera invisible para retirar el coj\u00edn interno y facilitar su lavado.<\/p>\n","protected":false},"excerpt":{"rendered":"<p>Coj\u00edn en tela poli\u00e9ster con protector textil anti-fluidos y pet friendly.<\/p>\n","protected":false},"featured_media":966,"comment_status":"open","ping_status":"closed","template":"","meta":[],"product_brand":[],"product_cat":[59],"product_tag":[],"class_list":{"0":"post-1028","1":"product","2":"type-product","3":"status-publish","4":"has-post-thumbnail","6":"product_cat-cojines","7":"texture-woo-product-list","8":"opn-qv-enable","9":"bizz-ecommerce-woo-hover-","10":"open-single-product-tab-horizontal","11":"open-shadow-","12":"open-shadow-hover-","14":"first","15":"instock","16":"shipping-taxable","17":"purchasable","18":"product-type-simple"},"jetpack_sharing_enabled":true,"_links":{"self":[{"href":"https:\/\/supermaquineros.com.co\/sm_o\/wp-json\/wp\/v2\/product\/1028","targetHints":{"allow":["GET"]}}],"collection":[{"href":"https:\/\/supermaquineros.com.co\/sm_o\/wp-json\/wp\/v2\/product"}],"about":[{"href":"https:\/\/supermaquineros.com.co\/sm_o\/wp-json\/wp\/v2\/types\/product"}],"replies":[{"embeddable":true,"href":"https:\/\/supermaquineros.com.co\/sm_o\/wp-json\/wp\/v2\/comments?post=1028"}],"wp:featuredmedia":[{"embeddable":true,"href":"https:\/\/supermaquineros.com.co\/sm_o\/wp-json\/wp\/v2\/media\/966"}],"wp:attachment":[{"href":"https:\/\/supermaquineros.com.co\/sm_o\/wp-json\/wp\/v2\/media?parent=1028"}],"wp:term":[{"taxonomy":"product_brand","embeddable":true,"href":"https:\/\/supermaquineros.com.co\/sm_o\/wp-json\/wp\/v2\/product_brand?post=1028"},{"taxonomy":"product_cat","embeddable":true,"href":"https:\/\/supermaquineros.com.co\/sm_o\/wp-json\/wp\/v2\/product_cat?post=1028"},{"taxonomy":"product_tag","embeddable":true,"href":"https:\/\/supermaquineros.com.co\/sm_o\/wp-json\/wp\/v2\/product_tag?post=1028"}],"curies":[{"name":"wp","href":"https:\/\/api.w.org\/{rel}","templated":true}]}}